{"id":1032,"date":"2020-04-02T10:59:49","date_gmt":"2020-04-02T08:59:49","guid":{"rendered":"https:\/\/www.unesconadosah.sk\/immaterielles\/"},"modified":"2020-06-18T12:17:51","modified_gmt":"2020-06-18T10:17:51","slug":"immaterielles-kulturerbe","status":"publish","type":"page","link":"https:\/\/www.unesconadosah.sk\/de\/immaterielles-kulturerbe","title":{"rendered":"Immaterielles kulturerbe"},"content":{"rendered":"","protected":false},"excerpt":{"rendered":"","protected":false},"author":1,"featured_media":0,"parent":0,"menu_order":0,"comment_status":"closed","ping_status":"closed","template":"","meta":{"_acf_changed":false,"footnotes":""},"class_list":["post-1032","page","type-page","status-publish","hentry"],"acf":[],"yoast_head":"<!-- This site is optimized with the Yoast SEO Premium plugin v21.4 (Yoast SEO v27.2) - https:\/\/yoast.com\/product\/yoast-seo-premium-wordpress\/ -->\n<title>Immaterielles kulturerbe - UNESCO NA DOSAH v Ko\u0161ickom kraji<\/title>\n<meta name=\"robots\" content=\"index, follow, max-snippet:-1, max-image-preview:large, max-video-preview:-1\" \/>\n<link rel=\"canonical\" href=\"https:\/\/www.unesconadosah.sk\/de\/immaterielles-kulturerbe\" \/>\n<meta property=\"og:locale\" content=\"de_DE\" \/>\n<meta property=\"og:type\" content=\"article\" \/>\n<meta property=\"og:title\" content=\"Immaterielles kulturerbe\" \/>\n<meta property=\"og:url\" content=\"https:\/\/www.unesconadosah.sk\/de\/immaterielles-kulturerbe\" \/>\n<meta property=\"og:site_name\" content=\"UNESCO NA DOSAH v Ko\u0161ickom kraji\" \/>\n<meta property=\"article:modified_time\" content=\"2020-06-18T10:17:51+00:00\" \/>\n<meta name=\"twitter:card\" content=\"summary_large_image\" \/>\n<script type=\"application\/ld+json\" class=\"yoast-schema-graph\">{\"@context\":\"https:\/\/schema.org\",\"@graph\":[{\"@type\":\"WebPage\",\"@id\":\"https:\/\/www.unesconadosah.sk\/de\/immaterielles-kulturerbe\",\"url\":\"https:\/\/www.unesconadosah.sk\/de\/immaterielles-kulturerbe\",\"name\":\"Immaterielles kulturerbe - UNESCO NA DOSAH v Ko\u0161ickom kraji\",\"isPartOf\":{\"@id\":\"https:\/\/www.unesconadosah.sk\/de#website\"},\"datePublished\":\"2020-04-02T08:59:49+00:00\",\"dateModified\":\"2020-06-18T10:17:51+00:00\",\"breadcrumb\":{\"@id\":\"https:\/\/www.unesconadosah.sk\/de\/immaterielles-kulturerbe#breadcrumb\"},\"inLanguage\":\"de\",\"potentialAction\":[{\"@type\":\"ReadAction\",\"target\":[\"https:\/\/www.unesconadosah.sk\/de\/immaterielles-kulturerbe\"]}]},{\"@type\":\"BreadcrumbList\",\"@id\":\"https:\/\/www.unesconadosah.sk\/de\/immaterielles-kulturerbe#breadcrumb\",\"itemListElement\":[{\"@type\":\"ListItem\",\"position\":1,\"name\":\"Home\",\"item\":\"https:\/\/www.unesconadosah.sk\/de\"},{\"@type\":\"ListItem\",\"position\":2,\"name\":\"Immaterielles kulturerbe\"}]},{\"@type\":\"WebSite\",\"@id\":\"https:\/\/www.unesconadosah.sk\/de#website\",\"url\":\"https:\/\/www.unesconadosah.sk\/de\",\"name\":\"UNESCO NA DOSAH v Ko\u0161ickom kraji\",\"description\":\"18 jedine\u010dn\u00fdch pamiatok do 100 min\u00fat autom\",\"potentialAction\":[{\"@type\":\"SearchAction\",\"target\":{\"@type\":\"EntryPoint\",\"urlTemplate\":\"https:\/\/www.unesconadosah.sk\/de?s={search_term_string}\"},\"query-input\":{\"@type\":\"PropertyValueSpecification\",\"valueRequired\":true,\"valueName\":\"search_term_string\"}}],\"inLanguage\":\"de\"}]}<\/script>\n<!-- \/ Yoast SEO Premium plugin. -->","yoast_head_json":{"title":"Immaterielles kulturerbe - UNESCO NA DOSAH v Ko\u0161ickom kraji","robots":{"index":"index","follow":"follow","max-snippet":"max-snippet:-1","max-image-preview":"max-image-preview:large","max-video-preview":"max-video-preview:-1"},"canonical":"https:\/\/www.unesconadosah.sk\/de\/immaterielles-kulturerbe","og_locale":"de_DE","og_type":"article","og_title":"Immaterielles kulturerbe","og_url":"https:\/\/www.unesconadosah.sk\/de\/immaterielles-kulturerbe","og_site_name":"UNESCO NA DOSAH v Ko\u0161ickom kraji","article_modified_time":"2020-06-18T10:17:51+00:00","twitter_card":"summary_large_image","schema":{"@context":"https:\/\/schema.org","@graph":[{"@type":"WebPage","@id":"https:\/\/www.unesconadosah.sk\/de\/immaterielles-kulturerbe","url":"https:\/\/www.unesconadosah.sk\/de\/immaterielles-kulturerbe","name":"Immaterielles kulturerbe - UNESCO NA DOSAH v Ko\u0161ickom kraji","isPartOf":{"@id":"https:\/\/www.unesconadosah.sk\/de#website"},"datePublished":"2020-04-02T08:59:49+00:00","dateModified":"2020-06-18T10:17:51+00:00","breadcrumb":{"@id":"https:\/\/www.unesconadosah.sk\/de\/immaterielles-kulturerbe#breadcrumb"},"inLanguage":"de","potentialAction":[{"@type":"ReadAction","target":["https:\/\/www.unesconadosah.sk\/de\/immaterielles-kulturerbe"]}]},{"@type":"BreadcrumbList","@id":"https:\/\/www.unesconadosah.sk\/de\/immaterielles-kulturerbe#breadcrumb","itemListElement":[{"@type":"ListItem","position":1,"name":"Home","item":"https:\/\/www.unesconadosah.sk\/de"},{"@type":"ListItem","position":2,"name":"Immaterielles kulturerbe"}]},{"@type":"WebSite","@id":"https:\/\/www.unesconadosah.sk\/de#website","url":"https:\/\/www.unesconadosah.sk\/de","name":"UNESCO NA DOSAH v Ko\u0161ickom kraji","description":"18 jedine\u010dn\u00fdch pamiatok do 100 min\u00fat autom","potentialAction":[{"@type":"SearchAction","target":{"@type":"EntryPoint","urlTemplate":"https:\/\/www.unesconadosah.sk\/de?s={search_term_string}"},"query-input":{"@type":"PropertyValueSpecification","valueRequired":true,"valueName":"search_term_string"}}],"inLanguage":"de"}]}},"_links":{"self":[{"href":"https:\/\/www.unesconadosah.sk\/de\/wp-json\/wp\/v2\/pages\/1032","targetHints":{"allow":["GET"]}}],"collection":[{"href":"https:\/\/www.unesconadosah.sk\/de\/wp-json\/wp\/v2\/pages"}],"about":[{"href":"https:\/\/www.unesconadosah.sk\/de\/wp-json\/wp\/v2\/types\/page"}],"author":[{"embeddable":true,"href":"https:\/\/www.unesconadosah.sk\/de\/wp-json\/wp\/v2\/users\/1"}],"replies":[{"embeddable":true,"href":"https:\/\/www.unesconadosah.sk\/de\/wp-json\/wp\/v2\/comments?post=1032"}],"version-history":[{"count":3,"href":"https:\/\/www.unesconadosah.sk\/de\/wp-json\/wp\/v2\/pages\/1032\/revisions"}],"predecessor-version":[{"id":1101,"href":"https:\/\/www.unesconadosah.sk\/de\/wp-json\/wp\/v2\/pages\/1032\/revisions\/1101"}],"wp:attachment":[{"href":"https:\/\/www.unesconadosah.sk\/de\/wp-json\/wp\/v2\/media?parent=1032"}],"curies":[{"name":"wp","href":"https:\/\/api.w.org\/{rel}","templated":true}]}}