{"id":1051,"date":"2020-04-02T15:00:06","date_gmt":"2020-04-02T13:00:06","guid":{"rendered":"https:\/\/www.unesconadosah.sk\/send-us-email\/"},"modified":"2020-06-18T12:01:55","modified_gmt":"2020-06-18T10:01:55","slug":"send-us-an-e-mail","status":"publish","type":"page","link":"https:\/\/www.unesconadosah.sk\/en\/send-us-an-e-mail","title":{"rendered":"Send us an e-mail"},"content":{"rendered":"","protected":false},"excerpt":{"rendered":"","protected":false},"author":1,"featured_media":0,"parent":0,"menu_order":0,"comment_status":"closed","ping_status":"closed","template":"","meta":{"_acf_changed":false,"footnotes":""},"class_list":["post-1051","page","type-page","status-publish","hentry"],"acf":[],"yoast_head":"<!-- This site is optimized with the Yoast SEO Premium plugin v21.4 (Yoast SEO v27.2) - https:\/\/yoast.com\/product\/yoast-seo-premium-wordpress\/ -->\n<title>Send us an e-mail - UESCO NA DOSAH v Ko\u0161ickom kraji<\/title>\n<meta name=\"robots\" content=\"index, follow, max-snippet:-1, max-image-preview:large, max-video-preview:-1\" \/>\n<link rel=\"canonical\" href=\"https:\/\/www.unesconadosah.sk\/en\/send-us-an-e-mail\" \/>\n<meta property=\"og:locale\" content=\"en_US\" \/>\n<meta property=\"og:type\" content=\"article\" \/>\n<meta property=\"og:title\" content=\"Send us an e-mail\" \/>\n<meta property=\"og:url\" content=\"https:\/\/www.unesconadosah.sk\/en\/send-us-an-e-mail\" \/>\n<meta property=\"og:site_name\" content=\"UESCO NA DOSAH v Ko\u0161ickom kraji\" \/>\n<meta property=\"article:modified_time\" content=\"2020-06-18T10:01:55+00:00\" \/>\n<meta name=\"twitter:card\" content=\"summary_large_image\" \/>\n<script type=\"application\/ld+json\" class=\"yoast-schema-graph\">{\"@context\":\"https:\/\/schema.org\",\"@graph\":[{\"@type\":\"WebPage\",\"@id\":\"https:\/\/www.unesconadosah.sk\/en\/send-us-an-e-mail\",\"url\":\"https:\/\/www.unesconadosah.sk\/en\/send-us-an-e-mail\",\"name\":\"Send us an e-mail - UESCO NA DOSAH v Ko\u0161ickom kraji\",\"isPartOf\":{\"@id\":\"https:\/\/www.unesconadosah.sk\/en#website\"},\"datePublished\":\"2020-04-02T13:00:06+00:00\",\"dateModified\":\"2020-06-18T10:01:55+00:00\",\"breadcrumb\":{\"@id\":\"https:\/\/www.unesconadosah.sk\/en\/send-us-an-e-mail#breadcrumb\"},\"inLanguage\":\"en-US\",\"potentialAction\":[{\"@type\":\"ReadAction\",\"target\":[\"https:\/\/www.unesconadosah.sk\/en\/send-us-an-e-mail\"]}]},{\"@type\":\"BreadcrumbList\",\"@id\":\"https:\/\/www.unesconadosah.sk\/en\/send-us-an-e-mail#breadcrumb\",\"itemListElement\":[{\"@type\":\"ListItem\",\"position\":1,\"name\":\"Home\",\"item\":\"https:\/\/www.unesconadosah.sk\/en\"},{\"@type\":\"ListItem\",\"position\":2,\"name\":\"Send us an e-mail\"}]},{\"@type\":\"WebSite\",\"@id\":\"https:\/\/www.unesconadosah.sk\/en#website\",\"url\":\"https:\/\/www.unesconadosah.sk\/en\",\"name\":\"UESCO NA DOSAH v Ko\u0161ickom kraji\",\"description\":\"18 jedine\u010dn\u00fdch pamiatok do 100 min\u00fat autom\",\"potentialAction\":[{\"@type\":\"SearchAction\",\"target\":{\"@type\":\"EntryPoint\",\"urlTemplate\":\"https:\/\/www.unesconadosah.sk\/en?s={search_term_string}\"},\"query-input\":{\"@type\":\"PropertyValueSpecification\",\"valueRequired\":true,\"valueName\":\"search_term_string\"}}],\"inLanguage\":\"en-US\"}]}<\/script>\n<!-- \/ Yoast SEO Premium plugin. -->","yoast_head_json":{"title":"Send us an e-mail - UESCO NA DOSAH v Ko\u0161ickom kraji","robots":{"index":"index","follow":"follow","max-snippet":"max-snippet:-1","max-image-preview":"max-image-preview:large","max-video-preview":"max-video-preview:-1"},"canonical":"https:\/\/www.unesconadosah.sk\/en\/send-us-an-e-mail","og_locale":"en_US","og_type":"article","og_title":"Send us an e-mail","og_url":"https:\/\/www.unesconadosah.sk\/en\/send-us-an-e-mail","og_site_name":"UESCO NA DOSAH v Ko\u0161ickom kraji","article_modified_time":"2020-06-18T10:01:55+00:00","twitter_card":"summary_large_image","schema":{"@context":"https:\/\/schema.org","@graph":[{"@type":"WebPage","@id":"https:\/\/www.unesconadosah.sk\/en\/send-us-an-e-mail","url":"https:\/\/www.unesconadosah.sk\/en\/send-us-an-e-mail","name":"Send us an e-mail - UESCO NA DOSAH v Ko\u0161ickom kraji","isPartOf":{"@id":"https:\/\/www.unesconadosah.sk\/en#website"},"datePublished":"2020-04-02T13:00:06+00:00","dateModified":"2020-06-18T10:01:55+00:00","breadcrumb":{"@id":"https:\/\/www.unesconadosah.sk\/en\/send-us-an-e-mail#breadcrumb"},"inLanguage":"en-US","potentialAction":[{"@type":"ReadAction","target":["https:\/\/www.unesconadosah.sk\/en\/send-us-an-e-mail"]}]},{"@type":"BreadcrumbList","@id":"https:\/\/www.unesconadosah.sk\/en\/send-us-an-e-mail#breadcrumb","itemListElement":[{"@type":"ListItem","position":1,"name":"Home","item":"https:\/\/www.unesconadosah.sk\/en"},{"@type":"ListItem","position":2,"name":"Send us an e-mail"}]},{"@type":"WebSite","@id":"https:\/\/www.unesconadosah.sk\/en#website","url":"https:\/\/www.unesconadosah.sk\/en","name":"UESCO NA DOSAH v Ko\u0161ickom kraji","description":"18 jedine\u010dn\u00fdch pamiatok do 100 min\u00fat autom","potentialAction":[{"@type":"SearchAction","target":{"@type":"EntryPoint","urlTemplate":"https:\/\/www.unesconadosah.sk\/en?s={search_term_string}"},"query-input":{"@type":"PropertyValueSpecification","valueRequired":true,"valueName":"search_term_string"}}],"inLanguage":"en-US"}]}},"_links":{"self":[{"href":"https:\/\/www.unesconadosah.sk\/en\/wp-json\/wp\/v2\/pages\/1051","targetHints":{"allow":["GET"]}}],"collection":[{"href":"https:\/\/www.unesconadosah.sk\/en\/wp-json\/wp\/v2\/pages"}],"about":[{"href":"https:\/\/www.unesconadosah.sk\/en\/wp-json\/wp\/v2\/types\/page"}],"author":[{"embeddable":true,"href":"https:\/\/www.unesconadosah.sk\/en\/wp-json\/wp\/v2\/users\/1"}],"replies":[{"embeddable":true,"href":"https:\/\/www.unesconadosah.sk\/en\/wp-json\/wp\/v2\/comments?post=1051"}],"version-history":[{"count":4,"href":"https:\/\/www.unesconadosah.sk\/en\/wp-json\/wp\/v2\/pages\/1051\/revisions"}],"predecessor-version":[{"id":1143,"href":"https:\/\/www.unesconadosah.sk\/en\/wp-json\/wp\/v2\/pages\/1051\/revisions\/1143"}],"wp:attachment":[{"href":"https:\/\/www.unesconadosah.sk\/en\/wp-json\/wp\/v2\/media?parent=1051"}],"curies":[{"name":"wp","href":"https:\/\/api.w.org\/{rel}","templated":true}]}}