{"id":894,"date":"2020-04-01T10:55:14","date_gmt":"2020-04-01T08:55:14","guid":{"rendered":"https:\/\/www.unesconadosah.sk\/jaskyna-domica-cave\/"},"modified":"2023-12-08T09:09:47","modified_gmt":"2023-12-08T08:09:47","slug":"jaskyna-domica-cave","status":"publish","type":"page","link":"https:\/\/www.unesconadosah.sk\/en\/jaskyna-domica-cave","title":{"rendered":"Jasky\u0148a Domica cave"},"content":{"rendered":"","protected":false},"excerpt":{"rendered":"","protected":false},"author":1,"featured_media":0,"parent":0,"menu_order":0,"comment_status":"closed","ping_status":"closed","template":"","meta":{"_acf_changed":false,"footnotes":""},"class_list":["post-894","page","type-page","status-publish","hentry"],"acf":[],"yoast_head":"<!-- This site is optimized with the Yoast SEO Premium plugin v21.4 (Yoast SEO v27.5) - https:\/\/yoast.com\/product\/yoast-seo-premium-wordpress\/ -->\n<title>Jasky\u0148a Domica cave - UESCO NA DOSAH v Ko\u0161ickom kraji<\/title>\n<meta name=\"description\" content=\"Domica is the longest cave in the Slovak Karst; visitors may take two guided tours there \u2013 the short one 780 metres long (45 minutes) and the long one,\" \/>\n<meta name=\"robots\" content=\"index, follow, max-snippet:-1, max-image-preview:large, max-video-preview:-1\" \/>\n<link rel=\"canonical\" href=\"https:\/\/www.unesconadosah.sk\/en\/jaskyna-domica-cave\" \/>\n<meta property=\"og:locale\" content=\"en_US\" \/>\n<meta property=\"og:type\" content=\"article\" \/>\n<meta property=\"og:title\" content=\"Jasky\u0148a Domica cave\" \/>\n<meta property=\"og:description\" content=\"Domica is the longest cave in the Slovak Karst; visitors may take two guided tours there \u2013 the short one 780 metres long (45 minutes) and the long one,\" \/>\n<meta property=\"og:url\" content=\"https:\/\/www.unesconadosah.sk\/en\/jaskyna-domica-cave\" \/>\n<meta property=\"og:site_name\" content=\"UESCO NA DOSAH v Ko\u0161ickom kraji\" \/>\n<meta property=\"article:modified_time\" content=\"2023-12-08T08:09:47+00:00\" \/>\n<meta name=\"twitter:card\" content=\"summary_large_image\" \/>\n<script type=\"application\/ld+json\" class=\"yoast-schema-graph\">{\"@context\":\"https:\\\/\\\/schema.org\",\"@graph\":[{\"@type\":\"WebPage\",\"@id\":\"https:\\\/\\\/www.unesconadosah.sk\\\/en\\\/jaskyna-domica-cave\",\"url\":\"https:\\\/\\\/www.unesconadosah.sk\\\/en\\\/jaskyna-domica-cave\",\"name\":\"Jasky\u0148a Domica cave - UESCO NA DOSAH v Ko\u0161ickom kraji\",\"isPartOf\":{\"@id\":\"https:\\\/\\\/www.unesconadosah.sk\\\/en#website\"},\"datePublished\":\"2020-04-01T08:55:14+00:00\",\"dateModified\":\"2023-12-08T08:09:47+00:00\",\"description\":\"Domica is the longest cave in the Slovak Karst; visitors may take two guided tours there \u2013 the short one 780 metres long (45 minutes) and the long one,\",\"breadcrumb\":{\"@id\":\"https:\\\/\\\/www.unesconadosah.sk\\\/en\\\/jaskyna-domica-cave#breadcrumb\"},\"inLanguage\":\"en-US\",\"potentialAction\":[{\"@type\":\"ReadAction\",\"target\":[\"https:\\\/\\\/www.unesconadosah.sk\\\/en\\\/jaskyna-domica-cave\"]}]},{\"@type\":\"BreadcrumbList\",\"@id\":\"https:\\\/\\\/www.unesconadosah.sk\\\/en\\\/jaskyna-domica-cave#breadcrumb\",\"itemListElement\":[{\"@type\":\"ListItem\",\"position\":1,\"name\":\"Home\",\"item\":\"https:\\\/\\\/www.unesconadosah.sk\\\/en\"},{\"@type\":\"ListItem\",\"position\":2,\"name\":\"Jasky\u0148a Domica cave\"}]},{\"@type\":\"WebSite\",\"@id\":\"https:\\\/\\\/www.unesconadosah.sk\\\/en#website\",\"url\":\"https:\\\/\\\/www.unesconadosah.sk\\\/en\",\"name\":\"UESCO NA DOSAH v Ko\u0161ickom kraji\",\"description\":\"18 jedine\u010dn\u00fdch pamiatok do 100 min\u00fat autom\",\"potentialAction\":[{\"@type\":\"SearchAction\",\"target\":{\"@type\":\"EntryPoint\",\"urlTemplate\":\"https:\\\/\\\/www.unesconadosah.sk\\\/en?s={search_term_string}\"},\"query-input\":{\"@type\":\"PropertyValueSpecification\",\"valueRequired\":true,\"valueName\":\"search_term_string\"}}],\"inLanguage\":\"en-US\"}]}<\/script>\n<!-- \/ Yoast SEO Premium plugin. -->","yoast_head_json":{"title":"Jasky\u0148a Domica cave - UESCO NA DOSAH v Ko\u0161ickom kraji","description":"Domica is the longest cave in the Slovak Karst; visitors may take two guided tours there \u2013 the short one 780 metres long (45 minutes) and the long one,","robots":{"index":"index","follow":"follow","max-snippet":"max-snippet:-1","max-image-preview":"max-image-preview:large","max-video-preview":"max-video-preview:-1"},"canonical":"https:\/\/www.unesconadosah.sk\/en\/jaskyna-domica-cave","og_locale":"en_US","og_type":"article","og_title":"Jasky\u0148a Domica cave","og_description":"Domica is the longest cave in the Slovak Karst; visitors may take two guided tours there \u2013 the short one 780 metres long (45 minutes) and the long one,","og_url":"https:\/\/www.unesconadosah.sk\/en\/jaskyna-domica-cave","og_site_name":"UESCO NA DOSAH v Ko\u0161ickom kraji","article_modified_time":"2023-12-08T08:09:47+00:00","twitter_card":"summary_large_image","schema":{"@context":"https:\/\/schema.org","@graph":[{"@type":"WebPage","@id":"https:\/\/www.unesconadosah.sk\/en\/jaskyna-domica-cave","url":"https:\/\/www.unesconadosah.sk\/en\/jaskyna-domica-cave","name":"Jasky\u0148a Domica cave - UESCO NA DOSAH v Ko\u0161ickom kraji","isPartOf":{"@id":"https:\/\/www.unesconadosah.sk\/en#website"},"datePublished":"2020-04-01T08:55:14+00:00","dateModified":"2023-12-08T08:09:47+00:00","description":"Domica is the longest cave in the Slovak Karst; visitors may take two guided tours there \u2013 the short one 780 metres long (45 minutes) and the long one,","breadcrumb":{"@id":"https:\/\/www.unesconadosah.sk\/en\/jaskyna-domica-cave#breadcrumb"},"inLanguage":"en-US","potentialAction":[{"@type":"ReadAction","target":["https:\/\/www.unesconadosah.sk\/en\/jaskyna-domica-cave"]}]},{"@type":"BreadcrumbList","@id":"https:\/\/www.unesconadosah.sk\/en\/jaskyna-domica-cave#breadcrumb","itemListElement":[{"@type":"ListItem","position":1,"name":"Home","item":"https:\/\/www.unesconadosah.sk\/en"},{"@type":"ListItem","position":2,"name":"Jasky\u0148a Domica cave"}]},{"@type":"WebSite","@id":"https:\/\/www.unesconadosah.sk\/en#website","url":"https:\/\/www.unesconadosah.sk\/en","name":"UESCO NA DOSAH v Ko\u0161ickom kraji","description":"18 jedine\u010dn\u00fdch pamiatok do 100 min\u00fat autom","potentialAction":[{"@type":"SearchAction","target":{"@type":"EntryPoint","urlTemplate":"https:\/\/www.unesconadosah.sk\/en?s={search_term_string}"},"query-input":{"@type":"PropertyValueSpecification","valueRequired":true,"valueName":"search_term_string"}}],"inLanguage":"en-US"}]}},"_links":{"self":[{"href":"https:\/\/www.unesconadosah.sk\/en\/wp-json\/wp\/v2\/pages\/894","targetHints":{"allow":["GET"]}}],"collection":[{"href":"https:\/\/www.unesconadosah.sk\/en\/wp-json\/wp\/v2\/pages"}],"about":[{"href":"https:\/\/www.unesconadosah.sk\/en\/wp-json\/wp\/v2\/types\/page"}],"author":[{"embeddable":true,"href":"https:\/\/www.unesconadosah.sk\/en\/wp-json\/wp\/v2\/users\/1"}],"replies":[{"embeddable":true,"href":"https:\/\/www.unesconadosah.sk\/en\/wp-json\/wp\/v2\/comments?post=894"}],"version-history":[{"count":6,"href":"https:\/\/www.unesconadosah.sk\/en\/wp-json\/wp\/v2\/pages\/894\/revisions"}],"predecessor-version":[{"id":2843,"href":"https:\/\/www.unesconadosah.sk\/en\/wp-json\/wp\/v2\/pages\/894\/revisions\/2843"}],"wp:attachment":[{"href":"https:\/\/www.unesconadosah.sk\/en\/wp-json\/wp\/v2\/media?parent=894"}],"curies":[{"name":"wp","href":"https:\/\/api.w.org\/{rel}","templated":true}]}}