{"id":343,"date":"2020-02-14T19:52:57","date_gmt":"2020-02-14T18:52:57","guid":{"rendered":"https:\/\/www.unesconadosah.sk\/domov\/"},"modified":"2020-06-18T13:15:59","modified_gmt":"2020-06-18T11:15:59","slug":"otthon","status":"publish","type":"page","link":"https:\/\/www.unesconadosah.sk\/hu","title":{"rendered":"Otthon"},"content":{"rendered":"","protected":false},"excerpt":{"rendered":"","protected":false},"author":1,"featured_media":0,"parent":0,"menu_order":0,"comment_status":"closed","ping_status":"closed","template":"","meta":{"_acf_changed":false,"footnotes":""},"class_list":["post-343","page","type-page","status-publish","hentry"],"acf":[],"yoast_head":"<!-- This site is optimized with the Yoast SEO Premium plugin v21.4 (Yoast SEO v27.2) - https:\/\/yoast.com\/product\/yoast-seo-premium-wordpress\/ -->\n<title>Otthon - UNESCO NA DOSAH v Ko\u0161ickom kraji<\/title>\n<meta name=\"robots\" content=\"index, follow, max-snippet:-1, max-image-preview:large, max-video-preview:-1\" \/>\n<link rel=\"canonical\" href=\"https:\/\/www.unesconadosah.sk\/hu\" \/>\n<meta property=\"og:locale\" content=\"hu_HU\" \/>\n<meta property=\"og:type\" content=\"article\" \/>\n<meta property=\"og:title\" content=\"Otthon\" \/>\n<meta property=\"og:url\" content=\"https:\/\/www.unesconadosah.sk\/hu\" \/>\n<meta property=\"og:site_name\" content=\"UNESCO NA DOSAH v Ko\u0161ickom kraji\" \/>\n<meta property=\"article:modified_time\" content=\"2020-06-18T11:15:59+00:00\" \/>\n<meta name=\"twitter:card\" content=\"summary_large_image\" \/>\n<script type=\"application\/ld+json\" class=\"yoast-schema-graph\">{\"@context\":\"https:\/\/schema.org\",\"@graph\":[{\"@type\":\"WebPage\",\"@id\":\"https:\/\/www.unesconadosah.sk\/hu\",\"url\":\"https:\/\/www.unesconadosah.sk\/hu\",\"name\":\"Otthon - UNESCO NA DOSAH v Ko\u0161ickom kraji\",\"isPartOf\":{\"@id\":\"https:\/\/www.unesconadosah.sk\/hu#website\"},\"datePublished\":\"2020-02-14T18:52:57+00:00\",\"dateModified\":\"2020-06-18T11:15:59+00:00\",\"breadcrumb\":{\"@id\":\"https:\/\/www.unesconadosah.sk\/hu#breadcrumb\"},\"inLanguage\":\"hu\",\"potentialAction\":[{\"@type\":\"ReadAction\",\"target\":[\"https:\/\/www.unesconadosah.sk\/hu\"]}]},{\"@type\":\"BreadcrumbList\",\"@id\":\"https:\/\/www.unesconadosah.sk\/hu#breadcrumb\",\"itemListElement\":[{\"@type\":\"ListItem\",\"position\":1,\"name\":\"Home\",\"item\":\"https:\/\/www.unesconadosah.sk\/hu\"},{\"@type\":\"ListItem\",\"position\":2,\"name\":\"Otthon\"}]},{\"@type\":\"WebSite\",\"@id\":\"https:\/\/www.unesconadosah.sk\/hu#website\",\"url\":\"https:\/\/www.unesconadosah.sk\/hu\",\"name\":\"UNESCO NA DOSAH v Ko\u0161ickom kraji\",\"description\":\"18 jedine\u010dn\u00fdch pamiatok do 100 min\u00fat autom\",\"potentialAction\":[{\"@type\":\"SearchAction\",\"target\":{\"@type\":\"EntryPoint\",\"urlTemplate\":\"https:\/\/www.unesconadosah.sk\/hu?s={search_term_string}\"},\"query-input\":{\"@type\":\"PropertyValueSpecification\",\"valueRequired\":true,\"valueName\":\"search_term_string\"}}],\"inLanguage\":\"hu\"}]}<\/script>\n<!-- \/ Yoast SEO Premium plugin. -->","yoast_head_json":{"title":"Otthon - UNESCO NA DOSAH v Ko\u0161ickom kraji","robots":{"index":"index","follow":"follow","max-snippet":"max-snippet:-1","max-image-preview":"max-image-preview:large","max-video-preview":"max-video-preview:-1"},"canonical":"https:\/\/www.unesconadosah.sk\/hu","og_locale":"hu_HU","og_type":"article","og_title":"Otthon","og_url":"https:\/\/www.unesconadosah.sk\/hu","og_site_name":"UNESCO NA DOSAH v Ko\u0161ickom kraji","article_modified_time":"2020-06-18T11:15:59+00:00","twitter_card":"summary_large_image","schema":{"@context":"https:\/\/schema.org","@graph":[{"@type":"WebPage","@id":"https:\/\/www.unesconadosah.sk\/hu","url":"https:\/\/www.unesconadosah.sk\/hu","name":"Otthon - UNESCO NA DOSAH v Ko\u0161ickom kraji","isPartOf":{"@id":"https:\/\/www.unesconadosah.sk\/hu#website"},"datePublished":"2020-02-14T18:52:57+00:00","dateModified":"2020-06-18T11:15:59+00:00","breadcrumb":{"@id":"https:\/\/www.unesconadosah.sk\/hu#breadcrumb"},"inLanguage":"hu","potentialAction":[{"@type":"ReadAction","target":["https:\/\/www.unesconadosah.sk\/hu"]}]},{"@type":"BreadcrumbList","@id":"https:\/\/www.unesconadosah.sk\/hu#breadcrumb","itemListElement":[{"@type":"ListItem","position":1,"name":"Home","item":"https:\/\/www.unesconadosah.sk\/hu"},{"@type":"ListItem","position":2,"name":"Otthon"}]},{"@type":"WebSite","@id":"https:\/\/www.unesconadosah.sk\/hu#website","url":"https:\/\/www.unesconadosah.sk\/hu","name":"UNESCO NA DOSAH v Ko\u0161ickom kraji","description":"18 jedine\u010dn\u00fdch pamiatok do 100 min\u00fat autom","potentialAction":[{"@type":"SearchAction","target":{"@type":"EntryPoint","urlTemplate":"https:\/\/www.unesconadosah.sk\/hu?s={search_term_string}"},"query-input":{"@type":"PropertyValueSpecification","valueRequired":true,"valueName":"search_term_string"}}],"inLanguage":"hu"}]}},"_links":{"self":[{"href":"https:\/\/www.unesconadosah.sk\/hu\/wp-json\/wp\/v2\/pages\/343","targetHints":{"allow":["GET"]}}],"collection":[{"href":"https:\/\/www.unesconadosah.sk\/hu\/wp-json\/wp\/v2\/pages"}],"about":[{"href":"https:\/\/www.unesconadosah.sk\/hu\/wp-json\/wp\/v2\/types\/page"}],"author":[{"embeddable":true,"href":"https:\/\/www.unesconadosah.sk\/hu\/wp-json\/wp\/v2\/users\/1"}],"replies":[{"embeddable":true,"href":"https:\/\/www.unesconadosah.sk\/hu\/wp-json\/wp\/v2\/comments?post=343"}],"version-history":[{"count":1,"href":"https:\/\/www.unesconadosah.sk\/hu\/wp-json\/wp\/v2\/pages\/343\/revisions"}],"predecessor-version":[{"id":1269,"href":"https:\/\/www.unesconadosah.sk\/hu\/wp-json\/wp\/v2\/pages\/343\/revisions\/1269"}],"wp:attachment":[{"href":"https:\/\/www.unesconadosah.sk\/hu\/wp-json\/wp\/v2\/media?parent=343"}],"curies":[{"name":"wp","href":"https:\/\/api.w.org\/{rel}","templated":true}]}}