{"id":892,"date":"2020-04-01T10:43:49","date_gmt":"2020-04-01T08:43:49","guid":{"rendered":"https:\/\/www.unesconadosah.sk\/hervarto\/"},"modified":"2020-09-11T11:29:45","modified_gmt":"2020-09-11T09:29:45","slug":"hervarto","status":"publish","type":"page","link":"https:\/\/www.unesconadosah.sk\/hu\/hervarto","title":{"rendered":"Hervart\u00f3"},"content":{"rendered":"","protected":false},"excerpt":{"rendered":"","protected":false},"author":1,"featured_media":0,"parent":0,"menu_order":0,"comment_status":"closed","ping_status":"closed","template":"","meta":{"_acf_changed":false,"footnotes":""},"class_list":["post-892","page","type-page","status-publish","hentry"],"acf":[],"yoast_head":"<!-- This site is optimized with the Yoast SEO Premium plugin v21.4 (Yoast SEO v27.2) - https:\/\/yoast.com\/product\/yoast-seo-premium-wordpress\/ -->\n<title>Hervart\u00f3 - UNESCO NA DOSAH v Ko\u0161ickom kraji<\/title>\n<meta name=\"robots\" content=\"index, follow, max-snippet:-1, max-image-preview:large, max-video-preview:-1\" \/>\n<link rel=\"canonical\" href=\"https:\/\/www.unesconadosah.sk\/hu\/hervarto\" \/>\n<meta property=\"og:locale\" content=\"hu_HU\" \/>\n<meta property=\"og:type\" content=\"article\" \/>\n<meta property=\"og:title\" content=\"Hervart\u00f3\" \/>\n<meta property=\"og:url\" content=\"https:\/\/www.unesconadosah.sk\/hu\/hervarto\" \/>\n<meta property=\"og:site_name\" content=\"UNESCO NA DOSAH v Ko\u0161ickom kraji\" \/>\n<meta property=\"article:modified_time\" content=\"2020-09-11T09:29:45+00:00\" \/>\n<meta name=\"twitter:card\" content=\"summary_large_image\" \/>\n<script type=\"application\/ld+json\" class=\"yoast-schema-graph\">{\"@context\":\"https:\/\/schema.org\",\"@graph\":[{\"@type\":\"WebPage\",\"@id\":\"https:\/\/www.unesconadosah.sk\/hu\/hervarto\",\"url\":\"https:\/\/www.unesconadosah.sk\/hu\/hervarto\",\"name\":\"Hervart\u00f3 - UNESCO NA DOSAH v Ko\u0161ickom kraji\",\"isPartOf\":{\"@id\":\"https:\/\/www.unesconadosah.sk\/hu#website\"},\"datePublished\":\"2020-04-01T08:43:49+00:00\",\"dateModified\":\"2020-09-11T09:29:45+00:00\",\"breadcrumb\":{\"@id\":\"https:\/\/www.unesconadosah.sk\/hu\/hervarto#breadcrumb\"},\"inLanguage\":\"hu\",\"potentialAction\":[{\"@type\":\"ReadAction\",\"target\":[\"https:\/\/www.unesconadosah.sk\/hu\/hervarto\"]}]},{\"@type\":\"BreadcrumbList\",\"@id\":\"https:\/\/www.unesconadosah.sk\/hu\/hervarto#breadcrumb\",\"itemListElement\":[{\"@type\":\"ListItem\",\"position\":1,\"name\":\"Home\",\"item\":\"https:\/\/www.unesconadosah.sk\/hu\"},{\"@type\":\"ListItem\",\"position\":2,\"name\":\"Hervart\u00f3\"}]},{\"@type\":\"WebSite\",\"@id\":\"https:\/\/www.unesconadosah.sk\/hu#website\",\"url\":\"https:\/\/www.unesconadosah.sk\/hu\",\"name\":\"UNESCO NA DOSAH v Ko\u0161ickom kraji\",\"description\":\"18 jedine\u010dn\u00fdch pamiatok do 100 min\u00fat autom\",\"potentialAction\":[{\"@type\":\"SearchAction\",\"target\":{\"@type\":\"EntryPoint\",\"urlTemplate\":\"https:\/\/www.unesconadosah.sk\/hu?s={search_term_string}\"},\"query-input\":{\"@type\":\"PropertyValueSpecification\",\"valueRequired\":true,\"valueName\":\"search_term_string\"}}],\"inLanguage\":\"hu\"}]}<\/script>\n<!-- \/ Yoast SEO Premium plugin. -->","yoast_head_json":{"title":"Hervart\u00f3 - UNESCO NA DOSAH v Ko\u0161ickom kraji","robots":{"index":"index","follow":"follow","max-snippet":"max-snippet:-1","max-image-preview":"max-image-preview:large","max-video-preview":"max-video-preview:-1"},"canonical":"https:\/\/www.unesconadosah.sk\/hu\/hervarto","og_locale":"hu_HU","og_type":"article","og_title":"Hervart\u00f3","og_url":"https:\/\/www.unesconadosah.sk\/hu\/hervarto","og_site_name":"UNESCO NA DOSAH v Ko\u0161ickom kraji","article_modified_time":"2020-09-11T09:29:45+00:00","twitter_card":"summary_large_image","schema":{"@context":"https:\/\/schema.org","@graph":[{"@type":"WebPage","@id":"https:\/\/www.unesconadosah.sk\/hu\/hervarto","url":"https:\/\/www.unesconadosah.sk\/hu\/hervarto","name":"Hervart\u00f3 - UNESCO NA DOSAH v Ko\u0161ickom kraji","isPartOf":{"@id":"https:\/\/www.unesconadosah.sk\/hu#website"},"datePublished":"2020-04-01T08:43:49+00:00","dateModified":"2020-09-11T09:29:45+00:00","breadcrumb":{"@id":"https:\/\/www.unesconadosah.sk\/hu\/hervarto#breadcrumb"},"inLanguage":"hu","potentialAction":[{"@type":"ReadAction","target":["https:\/\/www.unesconadosah.sk\/hu\/hervarto"]}]},{"@type":"BreadcrumbList","@id":"https:\/\/www.unesconadosah.sk\/hu\/hervarto#breadcrumb","itemListElement":[{"@type":"ListItem","position":1,"name":"Home","item":"https:\/\/www.unesconadosah.sk\/hu"},{"@type":"ListItem","position":2,"name":"Hervart\u00f3"}]},{"@type":"WebSite","@id":"https:\/\/www.unesconadosah.sk\/hu#website","url":"https:\/\/www.unesconadosah.sk\/hu","name":"UNESCO NA DOSAH v Ko\u0161ickom kraji","description":"18 jedine\u010dn\u00fdch pamiatok do 100 min\u00fat autom","potentialAction":[{"@type":"SearchAction","target":{"@type":"EntryPoint","urlTemplate":"https:\/\/www.unesconadosah.sk\/hu?s={search_term_string}"},"query-input":{"@type":"PropertyValueSpecification","valueRequired":true,"valueName":"search_term_string"}}],"inLanguage":"hu"}]}},"_links":{"self":[{"href":"https:\/\/www.unesconadosah.sk\/hu\/wp-json\/wp\/v2\/pages\/892","targetHints":{"allow":["GET"]}}],"collection":[{"href":"https:\/\/www.unesconadosah.sk\/hu\/wp-json\/wp\/v2\/pages"}],"about":[{"href":"https:\/\/www.unesconadosah.sk\/hu\/wp-json\/wp\/v2\/types\/page"}],"author":[{"embeddable":true,"href":"https:\/\/www.unesconadosah.sk\/hu\/wp-json\/wp\/v2\/users\/1"}],"replies":[{"embeddable":true,"href":"https:\/\/www.unesconadosah.sk\/hu\/wp-json\/wp\/v2\/comments?post=892"}],"version-history":[{"count":3,"href":"https:\/\/www.unesconadosah.sk\/hu\/wp-json\/wp\/v2\/pages\/892\/revisions"}],"predecessor-version":[{"id":2357,"href":"https:\/\/www.unesconadosah.sk\/hu\/wp-json\/wp\/v2\/pages\/892\/revisions\/2357"}],"wp:attachment":[{"href":"https:\/\/www.unesconadosah.sk\/hu\/wp-json\/wp\/v2\/media?parent=892"}],"curies":[{"name":"wp","href":"https:\/\/api.w.org\/{rel}","templated":true}]}}