{"id":896,"date":"2020-04-01T11:17:44","date_gmt":"2020-04-01T09:17:44","guid":{"rendered":"https:\/\/www.unesconadosah.sk\/domicai-cseppkobarlang\/"},"modified":"2023-12-08T11:29:33","modified_gmt":"2023-12-08T10:29:33","slug":"domicai-cseppkobarlang","status":"publish","type":"page","link":"https:\/\/www.unesconadosah.sk\/hu\/domicai-cseppkobarlang","title":{"rendered":"Domicai cseppk\u0151barlang"},"content":{"rendered":"","protected":false},"excerpt":{"rendered":"","protected":false},"author":1,"featured_media":0,"parent":0,"menu_order":0,"comment_status":"closed","ping_status":"closed","template":"","meta":{"_acf_changed":false,"footnotes":""},"class_list":["post-896","page","type-page","status-publish","hentry"],"acf":[],"yoast_head":"<!-- This site is optimized with the Yoast SEO Premium plugin v21.4 (Yoast SEO v27.2) - https:\/\/yoast.com\/product\/yoast-seo-premium-wordpress\/ -->\n<title>Domicai cseppk\u0151barlang - UNESCO NA DOSAH v Ko\u0161ickom kraji<\/title>\n<meta name=\"description\" content=\"A Domicai \u2013 cseppk\u0151barlang a leghosszabb a Szlov\u00e1k Karszt barlangjai k\u00f6z\u00fcl, a l\u00e1togat\u00f3k k\u00e9t \u00fatvonalon s\u00e9t\u00e1lhatnak benne v\u00e9gig:\" \/>\n<meta name=\"robots\" content=\"index, follow, max-snippet:-1, max-image-preview:large, max-video-preview:-1\" \/>\n<link rel=\"canonical\" href=\"https:\/\/www.unesconadosah.sk\/hu\/domicai-cseppkobarlang\" \/>\n<meta property=\"og:locale\" content=\"hu_HU\" \/>\n<meta property=\"og:type\" content=\"article\" \/>\n<meta property=\"og:title\" content=\"Domicai cseppk\u0151barlang\" \/>\n<meta property=\"og:description\" content=\"A Domicai \u2013 cseppk\u0151barlang a leghosszabb a Szlov\u00e1k Karszt barlangjai k\u00f6z\u00fcl, a l\u00e1togat\u00f3k k\u00e9t \u00fatvonalon s\u00e9t\u00e1lhatnak benne v\u00e9gig:\" \/>\n<meta property=\"og:url\" content=\"https:\/\/www.unesconadosah.sk\/hu\/domicai-cseppkobarlang\" \/>\n<meta property=\"og:site_name\" content=\"UNESCO NA DOSAH v Ko\u0161ickom kraji\" \/>\n<meta property=\"article:modified_time\" content=\"2023-12-08T10:29:33+00:00\" \/>\n<meta name=\"twitter:card\" content=\"summary_large_image\" \/>\n<script type=\"application\/ld+json\" class=\"yoast-schema-graph\">{\"@context\":\"https:\/\/schema.org\",\"@graph\":[{\"@type\":\"WebPage\",\"@id\":\"https:\/\/www.unesconadosah.sk\/hu\/domicai-cseppkobarlang\",\"url\":\"https:\/\/www.unesconadosah.sk\/hu\/domicai-cseppkobarlang\",\"name\":\"Domicai cseppk\u0151barlang - UNESCO NA DOSAH v Ko\u0161ickom kraji\",\"isPartOf\":{\"@id\":\"https:\/\/www.unesconadosah.sk\/hu#website\"},\"datePublished\":\"2020-04-01T09:17:44+00:00\",\"dateModified\":\"2023-12-08T10:29:33+00:00\",\"description\":\"A Domicai \u2013 cseppk\u0151barlang a leghosszabb a Szlov\u00e1k Karszt barlangjai k\u00f6z\u00fcl, a l\u00e1togat\u00f3k k\u00e9t \u00fatvonalon s\u00e9t\u00e1lhatnak benne v\u00e9gig:\",\"breadcrumb\":{\"@id\":\"https:\/\/www.unesconadosah.sk\/hu\/domicai-cseppkobarlang#breadcrumb\"},\"inLanguage\":\"hu\",\"potentialAction\":[{\"@type\":\"ReadAction\",\"target\":[\"https:\/\/www.unesconadosah.sk\/hu\/domicai-cseppkobarlang\"]}]},{\"@type\":\"BreadcrumbList\",\"@id\":\"https:\/\/www.unesconadosah.sk\/hu\/domicai-cseppkobarlang#breadcrumb\",\"itemListElement\":[{\"@type\":\"ListItem\",\"position\":1,\"name\":\"Home\",\"item\":\"https:\/\/www.unesconadosah.sk\/hu\"},{\"@type\":\"ListItem\",\"position\":2,\"name\":\"Domicai cseppk\u0151barlang\"}]},{\"@type\":\"WebSite\",\"@id\":\"https:\/\/www.unesconadosah.sk\/hu#website\",\"url\":\"https:\/\/www.unesconadosah.sk\/hu\",\"name\":\"UNESCO NA DOSAH v Ko\u0161ickom kraji\",\"description\":\"18 jedine\u010dn\u00fdch pamiatok do 100 min\u00fat autom\",\"potentialAction\":[{\"@type\":\"SearchAction\",\"target\":{\"@type\":\"EntryPoint\",\"urlTemplate\":\"https:\/\/www.unesconadosah.sk\/hu?s={search_term_string}\"},\"query-input\":{\"@type\":\"PropertyValueSpecification\",\"valueRequired\":true,\"valueName\":\"search_term_string\"}}],\"inLanguage\":\"hu\"}]}<\/script>\n<!-- \/ Yoast SEO Premium plugin. -->","yoast_head_json":{"title":"Domicai cseppk\u0151barlang - UNESCO NA DOSAH v Ko\u0161ickom kraji","description":"A Domicai \u2013 cseppk\u0151barlang a leghosszabb a Szlov\u00e1k Karszt barlangjai k\u00f6z\u00fcl, a l\u00e1togat\u00f3k k\u00e9t \u00fatvonalon s\u00e9t\u00e1lhatnak benne v\u00e9gig:","robots":{"index":"index","follow":"follow","max-snippet":"max-snippet:-1","max-image-preview":"max-image-preview:large","max-video-preview":"max-video-preview:-1"},"canonical":"https:\/\/www.unesconadosah.sk\/hu\/domicai-cseppkobarlang","og_locale":"hu_HU","og_type":"article","og_title":"Domicai cseppk\u0151barlang","og_description":"A Domicai \u2013 cseppk\u0151barlang a leghosszabb a Szlov\u00e1k Karszt barlangjai k\u00f6z\u00fcl, a l\u00e1togat\u00f3k k\u00e9t \u00fatvonalon s\u00e9t\u00e1lhatnak benne v\u00e9gig:","og_url":"https:\/\/www.unesconadosah.sk\/hu\/domicai-cseppkobarlang","og_site_name":"UNESCO NA DOSAH v Ko\u0161ickom kraji","article_modified_time":"2023-12-08T10:29:33+00:00","twitter_card":"summary_large_image","schema":{"@context":"https:\/\/schema.org","@graph":[{"@type":"WebPage","@id":"https:\/\/www.unesconadosah.sk\/hu\/domicai-cseppkobarlang","url":"https:\/\/www.unesconadosah.sk\/hu\/domicai-cseppkobarlang","name":"Domicai cseppk\u0151barlang - UNESCO NA DOSAH v Ko\u0161ickom kraji","isPartOf":{"@id":"https:\/\/www.unesconadosah.sk\/hu#website"},"datePublished":"2020-04-01T09:17:44+00:00","dateModified":"2023-12-08T10:29:33+00:00","description":"A Domicai \u2013 cseppk\u0151barlang a leghosszabb a Szlov\u00e1k Karszt barlangjai k\u00f6z\u00fcl, a l\u00e1togat\u00f3k k\u00e9t \u00fatvonalon s\u00e9t\u00e1lhatnak benne v\u00e9gig:","breadcrumb":{"@id":"https:\/\/www.unesconadosah.sk\/hu\/domicai-cseppkobarlang#breadcrumb"},"inLanguage":"hu","potentialAction":[{"@type":"ReadAction","target":["https:\/\/www.unesconadosah.sk\/hu\/domicai-cseppkobarlang"]}]},{"@type":"BreadcrumbList","@id":"https:\/\/www.unesconadosah.sk\/hu\/domicai-cseppkobarlang#breadcrumb","itemListElement":[{"@type":"ListItem","position":1,"name":"Home","item":"https:\/\/www.unesconadosah.sk\/hu"},{"@type":"ListItem","position":2,"name":"Domicai cseppk\u0151barlang"}]},{"@type":"WebSite","@id":"https:\/\/www.unesconadosah.sk\/hu#website","url":"https:\/\/www.unesconadosah.sk\/hu","name":"UNESCO NA DOSAH v Ko\u0161ickom kraji","description":"18 jedine\u010dn\u00fdch pamiatok do 100 min\u00fat autom","potentialAction":[{"@type":"SearchAction","target":{"@type":"EntryPoint","urlTemplate":"https:\/\/www.unesconadosah.sk\/hu?s={search_term_string}"},"query-input":{"@type":"PropertyValueSpecification","valueRequired":true,"valueName":"search_term_string"}}],"inLanguage":"hu"}]}},"_links":{"self":[{"href":"https:\/\/www.unesconadosah.sk\/hu\/wp-json\/wp\/v2\/pages\/896","targetHints":{"allow":["GET"]}}],"collection":[{"href":"https:\/\/www.unesconadosah.sk\/hu\/wp-json\/wp\/v2\/pages"}],"about":[{"href":"https:\/\/www.unesconadosah.sk\/hu\/wp-json\/wp\/v2\/types\/page"}],"author":[{"embeddable":true,"href":"https:\/\/www.unesconadosah.sk\/hu\/wp-json\/wp\/v2\/users\/1"}],"replies":[{"embeddable":true,"href":"https:\/\/www.unesconadosah.sk\/hu\/wp-json\/wp\/v2\/comments?post=896"}],"version-history":[{"count":5,"href":"https:\/\/www.unesconadosah.sk\/hu\/wp-json\/wp\/v2\/pages\/896\/revisions"}],"predecessor-version":[{"id":2865,"href":"https:\/\/www.unesconadosah.sk\/hu\/wp-json\/wp\/v2\/pages\/896\/revisions\/2865"}],"wp:attachment":[{"href":"https:\/\/www.unesconadosah.sk\/hu\/wp-json\/wp\/v2\/media?parent=896"}],"curies":[{"name":"wp","href":"https:\/\/api.w.org\/{rel}","templated":true}]}}